{"id":265,"date":"2022-01-11T21:28:16","date_gmt":"2022-01-11T21:28:16","guid":{"rendered":"https:\/\/oneway-dz.com\/?page_id=265"},"modified":"2022-01-26T09:44:57","modified_gmt":"2022-01-26T09:44:57","slug":"a-propos","status":"publish","type":"page","link":"https:\/\/oneway-dz.com\/home\/a-propos\/","title":{"rendered":"\u00e0 propos"},"content":{"rendered":"\t\t<div data-elementor-type=\"wp-page\" data-elementor-id=\"265\" class=\"elementor elementor-265\">\n\t\t\t\t\t\t<section class=\"elementor-section elementor-top-section elementor-element elementor-element-a09c57c elementor-section-boxed elementor-section-height-default elementor-section-height-default\" data-id=\"a09c57c\" data-element_type=\"section\" data-e-type=\"section\">\n\t\t\t\t\t\t<div class=\"elementor-container elementor-column-gap-default\">\n\t\t\t\t\t<div class=\"elementor-column elementor-col-100 elementor-top-column elementor-element elementor-element-256ea11\" data-id=\"256ea11\" data-element_type=\"column\" data-e-type=\"column\">\n\t\t\t<div class=\"elementor-widget-wrap elementor-element-populated\">\n\t\t\t\t\t\t<div class=\"elementor-element elementor-element-6f9d60a elementor-widget elementor-widget-heading\" data-id=\"6f9d60a\" data-element_type=\"widget\" data-e-type=\"widget\" data-widget_type=\"heading.default\">\n\t\t\t\t<div class=\"elementor-widget-container\">\n\t\t\t\t\t<h2 class=\"elementor-heading-title elementor-size-default\">\u00e0 propos de nous...<\/h2>\t\t\t\t<\/div>\n\t\t\t\t<\/div>\n\t\t\t\t\t<\/div>\n\t\t<\/div>\n\t\t\t\t\t<\/div>\n\t\t<\/section>\n\t\t\t\t<section class=\"elementor-section elementor-top-section elementor-element elementor-element-78a6721 elementor-section-boxed elementor-section-height-default elementor-section-height-default\" data-id=\"78a6721\" data-element_type=\"section\" data-e-type=\"section\">\n\t\t\t\t\t\t<div class=\"elementor-container elementor-column-gap-default\">\n\t\t\t\t\t<div class=\"elementor-column elementor-col-100 elementor-top-column elementor-element elementor-element-98f3af1\" data-id=\"98f3af1\" data-element_type=\"column\" data-e-type=\"column\">\n\t\t\t<div class=\"elementor-widget-wrap elementor-element-populated\">\n\t\t\t\t\t\t<div class=\"elementor-element elementor-element-feef45c elementor-widget elementor-widget-text-editor\" data-id=\"feef45c\" data-element_type=\"widget\" data-e-type=\"widget\" data-widget_type=\"text-editor.default\">\n\t\t\t\t<div class=\"elementor-widget-container\">\n\t\t\t\t\t\t\t\t\t<p>ONE WAY est une soci\u00e9t\u00e9 alg\u00e9rienne sp\u00e9cialis\u00e9e dans l\u2019importation et la distribution de produits de sport et de mode.<br \/>En 2012, gr\u00e2ce au d\u00e9veloppement de l\u2019activit\u00e9 commerciale et l\u2019expansion du concept ONE WAY STORE, l\u2019entit\u00e9 ONE WAY est lanc\u00e9e avec une orientation de distribution segment\u00e9e et devient l\u2019entreprise avec le portefeuille marques et de clients tr\u00e8s important en Alg\u00e9rie, marques de sport et marques de mode incluses&#8230;<\/p>\t\t\t\t\t\t\t\t<\/div>\n\t\t\t\t<\/div>\n\t\t\t\t\t<\/div>\n\t\t<\/div>\n\t\t\t\t\t<\/div>\n\t\t<\/section>\n\t\t\t\t<\/div>\n\t\t","protected":false},"excerpt":{"rendered":"<p>\u00e0 propos de nous&#8230; ONE WAY est une soci\u00e9t\u00e9 alg\u00e9rienne sp\u00e9cialis\u00e9e dans l\u2019importation et la distribution de produits de sport et de mode.En 2012, gr\u00e2ce au d\u00e9veloppement de l\u2019activit\u00e9 commerciale et l\u2019expansion du concept ONE WAY STORE, l\u2019entit\u00e9 ONE WAY est lanc\u00e9e avec une orientation de distribution segment\u00e9e et devient l\u2019entreprise avec le portefeuille marques&#8230;<\/p>\n","protected":false},"author":2,"featured_media":0,"parent":0,"menu_order":0,"comment_status":"closed","ping_status":"closed","template":"","meta":{"_kadence_starter_templates_imported_post":false,"_kad_post_transparent":"","_kad_post_title":"hide","_kad_post_layout":"fullwidth","_kad_post_sidebar_id":"","_kad_post_content_style":"unboxed","_kad_post_vertical_padding":"hide","_kad_post_feature":"hide","_kad_post_feature_position":"","_kad_post_header":false,"_kad_post_footer":false,"_kad_post_classname":"","footnotes":""},"class_list":["post-265","page","type-page","status-publish","hentry"],"jetpack_sharing_enabled":true,"_links":{"self":[{"href":"https:\/\/oneway-dz.com\/home\/wp-json\/wp\/v2\/pages\/265","targetHints":{"allow":["GET"]}}],"collection":[{"href":"https:\/\/oneway-dz.com\/home\/wp-json\/wp\/v2\/pages"}],"about":[{"href":"https:\/\/oneway-dz.com\/home\/wp-json\/wp\/v2\/types\/page"}],"author":[{"embeddable":true,"href":"https:\/\/oneway-dz.com\/home\/wp-json\/wp\/v2\/users\/2"}],"replies":[{"embeddable":true,"href":"https:\/\/oneway-dz.com\/home\/wp-json\/wp\/v2\/comments?post=265"}],"version-history":[{"count":4,"href":"https:\/\/oneway-dz.com\/home\/wp-json\/wp\/v2\/pages\/265\/revisions"}],"predecessor-version":[{"id":512,"href":"https:\/\/oneway-dz.com\/home\/wp-json\/wp\/v2\/pages\/265\/revisions\/512"}],"wp:attachment":[{"href":"https:\/\/oneway-dz.com\/home\/wp-json\/wp\/v2\/media?parent=265"}],"curies":[{"name":"wp","href":"https:\/\/api.w.org\/{rel}","templated":true}]}}